{"id":220,"date":"2023-08-31T04:00:00","date_gmt":"2023-08-31T04:00:00","guid":{"rendered":"https:\/\/creoleworship.com\/?page_id=220"},"modified":"2023-09-26T05:56:25","modified_gmt":"2023-09-26T05:56:25","slug":"ti-ke","status":"publish","type":"page","link":"https:\/\/creoleworship.com\/en\/ti-ke\/","title":{"rendered":"Ti k\u00e8"},"content":{"rendered":"<div class=\"gb-container gb-container-8b5264e3 alignfull\">\n\n<h1 class=\"wp-block-heading has-text-align-center\" style=\"font-size:clamp(26.465px, 1.654rem + ((1vw - 3.2px) * 1.448), 45px);\">Ti K\u00e8<\/h1>\n\n<\/div>\n\n\n<div class=\"wp-block-query alignfull is-layout-flow wp-block-query-is-layout-flow\">\n<div class=\"wp-block-group alignfull is-layout-flow wp-block-group-is-layout-flow\" style=\"padding-top:0;padding-right:0;padding-bottom:0;padding-left:0\"><ul style=\"text-transform:none;\" class=\"wp-block-post-template is-layout-flow wp-block-post-template-is-layout-flow\"><li class=\"wp-block-post post-1653 post type-post status-publish format-standard hentry category-tike tag-tike\">\n\n<div class=\"wp-block-group is-layout-flow wp-block-group-is-layout-flow\" style=\"border-bottom-color:var(--wp--preset--color--contrast);border-bottom-width:1px\">\n<div class=\"wp-block-group is-content-justification-space-between is-nowrap is-layout-flex wp-container-core-group-is-layout-dd9de04e wp-block-group-is-layout-flex\" style=\"padding-top:16px;padding-right:16px;padding-bottom:16px;padding-left:16px\">\n<div class=\"wp-block-group is-nowrap is-layout-flex wp-container-core-group-is-layout-89a94f6a wp-block-group-is-layout-flex\">\n<p>\u2734\ufe0e<\/p>\n\n\n<div style=\"text-transform:uppercase; margin-top:0;margin-right:0;margin-bottom:0;margin-left:0;\" class=\"has-text-align-left has-link-color wp-elements-4003f76eccbf507a9e3d7e84a42ea154 wp-block-post-date has-text-color has-contrast-color has-small-font-size\"><time datetime=\"2025-03-04T17:00:00-05:00\">Mar 4, 2025<\/time><\/div><\/div>\n\n\n<div style=\"text-transform:uppercase\" class=\"taxonomy-category has-link-color wp-elements-9ba9a85414d725ca1a93c790cd87f6e7 wp-block-post-terms has-text-color has-contrast-color\"><span class=\"wp-block-post-terms__prefix\">\u2734\ufe0e <\/span><a href=\"https:\/\/creoleworship.com\/en\/category\/song-lyrics\/tike\/\" rel=\"tag\">Tike<\/a><\/div><\/div>\n<\/div>\n\n\n\n<div class=\"wp-block-group is-content-justification-space-between is-nowrap is-layout-flex wp-container-core-group-is-layout-e7d6a81d wp-block-group-is-layout-flex\" style=\"padding-top:16px;padding-right:16px;padding-bottom:var(--wp--preset--spacing--70);padding-left:16px\"><h2 style=\"font-size:clamp(1.352rem, 1.352rem + ((1vw - 0.2rem) * 1.06), 2.2rem);font-style:normal;font-weight:500;line-height:1.1;text-transform:uppercase; margin-top:0;margin-right:0;margin-bottom:0;margin-left:0;\" class=\"has-link-color wp-elements-ef09f48ce2b5e92db0ab2c8fdc7ff6e0 wp-block-post-title has-text-color has-contrast-color\"><a href=\"https:\/\/creoleworship.com\/en\/kote-sa-bondye-paka-fe-a\/song-lyrics\/tike\/\" target=\"_self\" >Kote Sa Bondye Paka F\u00e8 A<\/a><\/h2><\/div>\n\n\n<div class=\"wp-block-post-excerpt\"><p class=\"wp-block-post-excerpt__excerpt\">Kote kote kote, Sa Bondye paka f\u00e8 a, Li fann lanm\u00e8 an de, Li f\u00e8 wout bay p\u00e8p li pase, Montay sa ki kanpe devan-w lan, Li pa pi wo ke Bondye&#8230; <\/p><\/div>\n<\/li><li class=\"wp-block-post post-1647 post type-post status-publish format-standard hentry category-fr-luckner-corridon tag-by-haitian-artists tag-tike\">\n\n<div class=\"wp-block-group is-layout-flow wp-block-group-is-layout-flow\" style=\"border-bottom-color:var(--wp--preset--color--contrast);border-bottom-width:1px\">\n<div class=\"wp-block-group is-content-justification-space-between is-nowrap is-layout-flex wp-container-core-group-is-layout-dd9de04e wp-block-group-is-layout-flex\" style=\"padding-top:16px;padding-right:16px;padding-bottom:16px;padding-left:16px\">\n<div class=\"wp-block-group is-nowrap is-layout-flex wp-container-core-group-is-layout-89a94f6a wp-block-group-is-layout-flex\">\n<p>\u2734\ufe0e<\/p>\n\n\n<div style=\"text-transform:uppercase; margin-top:0;margin-right:0;margin-bottom:0;margin-left:0;\" class=\"has-text-align-left has-link-color wp-elements-4003f76eccbf507a9e3d7e84a42ea154 wp-block-post-date has-text-color has-contrast-color has-small-font-size\"><time datetime=\"2025-02-17T17:00:00-05:00\">Feb 17, 2025<\/time><\/div><\/div>\n\n\n<div style=\"text-transform:uppercase\" class=\"taxonomy-category has-link-color wp-elements-9ba9a85414d725ca1a93c790cd87f6e7 wp-block-post-terms has-text-color has-contrast-color\"><span class=\"wp-block-post-terms__prefix\">\u2734\ufe0e <\/span><a href=\"https:\/\/creoleworship.com\/en\/category\/song-lyrics\/fr-luckner-corridon\/\" rel=\"tag\">Fr Luckner Corridon<\/a><\/div><\/div>\n<\/div>\n\n\n\n<div class=\"wp-block-group is-content-justification-space-between is-nowrap is-layout-flex wp-container-core-group-is-layout-e7d6a81d wp-block-group-is-layout-flex\" style=\"padding-top:16px;padding-right:16px;padding-bottom:var(--wp--preset--spacing--70);padding-left:16px\"><h2 style=\"font-size:clamp(1.352rem, 1.352rem + ((1vw - 0.2rem) * 1.06), 2.2rem);font-style:normal;font-weight:500;line-height:1.1;text-transform:uppercase; margin-top:0;margin-right:0;margin-bottom:0;margin-left:0;\" class=\"has-link-color wp-elements-ef09f48ce2b5e92db0ab2c8fdc7ff6e0 wp-block-post-title has-text-color has-contrast-color\"><a href=\"https:\/\/creoleworship.com\/en\/m-pap-fe-bondye-m-nan-wont\/song-lyrics\/fr-luckner-corridon\/\" target=\"_self\" >M Pap F\u00e8 Bondye M Nan Wont<\/a><\/h2><\/div>\n\n\n<div class=\"wp-block-post-excerpt\"><p class=\"wp-block-post-excerpt__excerpt\">M-pap f\u00e8 Bondye-m nan wont, M-ap leve non Bondye anwo nan konp\u00f2teman-m, M-pap f\u00e8 Bondye-m nan wont, M-ap leve non Bondye anwo nan konp\u00f2teman-m, Se pou lavi-m f\u00e8 tout payen yo kriye, Gen Bondye, Se pou limy\u00e8 nan mwen an briye&#8230; <\/p><\/div>\n<\/li><li class=\"wp-block-post post-1643 post type-post status-publish format-standard hentry category-tike tag-tike\">\n\n<div class=\"wp-block-group is-layout-flow wp-block-group-is-layout-flow\" style=\"border-bottom-color:var(--wp--preset--color--contrast);border-bottom-width:1px\">\n<div class=\"wp-block-group is-content-justification-space-between is-nowrap is-layout-flex wp-container-core-group-is-layout-dd9de04e wp-block-group-is-layout-flex\" style=\"padding-top:16px;padding-right:16px;padding-bottom:16px;padding-left:16px\">\n<div class=\"wp-block-group is-nowrap is-layout-flex wp-container-core-group-is-layout-89a94f6a wp-block-group-is-layout-flex\">\n<p>\u2734\ufe0e<\/p>\n\n\n<div style=\"text-transform:uppercase; margin-top:0;margin-right:0;margin-bottom:0;margin-left:0;\" class=\"has-text-align-left has-link-color wp-elements-4003f76eccbf507a9e3d7e84a42ea154 wp-block-post-date has-text-color has-contrast-color has-small-font-size\"><time datetime=\"2025-02-15T14:44:35-05:00\">Feb 15, 2025<\/time><\/div><\/div>\n\n\n<div style=\"text-transform:uppercase\" class=\"taxonomy-category has-link-color wp-elements-9ba9a85414d725ca1a93c790cd87f6e7 wp-block-post-terms has-text-color has-contrast-color\"><span class=\"wp-block-post-terms__prefix\">\u2734\ufe0e <\/span><a href=\"https:\/\/creoleworship.com\/en\/category\/song-lyrics\/tike\/\" rel=\"tag\">Tike<\/a><\/div><\/div>\n<\/div>\n\n\n\n<div class=\"wp-block-group is-content-justification-space-between is-nowrap is-layout-flex wp-container-core-group-is-layout-e7d6a81d wp-block-group-is-layout-flex\" style=\"padding-top:16px;padding-right:16px;padding-bottom:var(--wp--preset--spacing--70);padding-left:16px\"><h2 style=\"font-size:clamp(1.352rem, 1.352rem + ((1vw - 0.2rem) * 1.06), 2.2rem);font-style:normal;font-weight:500;line-height:1.1;text-transform:uppercase; margin-top:0;margin-right:0;margin-bottom:0;margin-left:0;\" class=\"has-link-color wp-elements-ef09f48ce2b5e92db0ab2c8fdc7ff6e0 wp-block-post-title has-text-color has-contrast-color\"><a href=\"https:\/\/creoleworship.com\/en\/pouki-move-jou-yo-fe-nou-doute\/song-lyrics\/tike\/\" target=\"_self\" >Pouki Move Jou Yo F\u00e8 Nou Doute<\/a><\/h2><\/div>\n\n\n<div class=\"wp-block-post-excerpt\"><p class=\"wp-block-post-excerpt__excerpt\">Pouki move jou yo f\u00e8 nou doute, Jezi mande pou nou pa enkyete, Nou se yon ras elu, Nou se yon p\u00e8p aki, Se nou Bondye chwazi pou temwen, Pandan w-ap avanse leve men ou anle, Chante glwa a l-anyo Bondye a&#8230; <\/p><\/div>\n<\/li><li class=\"wp-block-post post-1607 post type-post status-publish format-standard hentry category-tike tag-tike\">\n\n<div class=\"wp-block-group is-layout-flow wp-block-group-is-layout-flow\" style=\"border-bottom-color:var(--wp--preset--color--contrast);border-bottom-width:1px\">\n<div class=\"wp-block-group is-content-justification-space-between is-nowrap is-layout-flex wp-container-core-group-is-layout-dd9de04e wp-block-group-is-layout-flex\" style=\"padding-top:16px;padding-right:16px;padding-bottom:16px;padding-left:16px\">\n<div class=\"wp-block-group is-nowrap is-layout-flex wp-container-core-group-is-layout-89a94f6a wp-block-group-is-layout-flex\">\n<p>\u2734\ufe0e<\/p>\n\n\n<div style=\"text-transform:uppercase; margin-top:0;margin-right:0;margin-bottom:0;margin-left:0;\" class=\"has-text-align-left has-link-color wp-elements-4003f76eccbf507a9e3d7e84a42ea154 wp-block-post-date has-text-color has-contrast-color has-small-font-size\"><time datetime=\"2025-01-30T16:00:00-05:00\">Jan 30, 2025<\/time><\/div><\/div>\n\n\n<div style=\"text-transform:uppercase\" class=\"taxonomy-category has-link-color wp-elements-9ba9a85414d725ca1a93c790cd87f6e7 wp-block-post-terms has-text-color has-contrast-color\"><span class=\"wp-block-post-terms__prefix\">\u2734\ufe0e <\/span><a href=\"https:\/\/creoleworship.com\/en\/category\/song-lyrics\/tike\/\" rel=\"tag\">Tike<\/a><\/div><\/div>\n<\/div>\n\n\n\n<div class=\"wp-block-group is-content-justification-space-between is-nowrap is-layout-flex wp-container-core-group-is-layout-e7d6a81d wp-block-group-is-layout-flex\" style=\"padding-top:16px;padding-right:16px;padding-bottom:var(--wp--preset--spacing--70);padding-left:16px\"><h2 style=\"font-size:clamp(1.352rem, 1.352rem + ((1vw - 0.2rem) * 1.06), 2.2rem);font-style:normal;font-weight:500;line-height:1.1;text-transform:uppercase; margin-top:0;margin-right:0;margin-bottom:0;margin-left:0;\" class=\"has-link-color wp-elements-ef09f48ce2b5e92db0ab2c8fdc7ff6e0 wp-block-post-title has-text-color has-contrast-color\"><a href=\"https:\/\/creoleworship.com\/en\/batay-la-se-pou-letenel\/song-lyrics\/tike\/\" target=\"_self\" >Batay La Se Pou Let\u00e8n\u00e8l<\/a><\/h2><\/div>\n\n\n<div class=\"wp-block-post-excerpt\"><p class=\"wp-block-post-excerpt__excerpt\">Batay la se pou Let\u00e8n\u00e8l, Poukisa w-ap kaze k\u00f2-w, Batay la se pou Let\u00e8n\u00e8l, Rete an silans an silans, Ou m\u00e8t esye depi jodi pou rive demen, Se pa anyen w-ap regle, Pito-w lage batay la nan men Let\u00e8n\u00e8l&#8230; <\/p><\/div>\n<\/li><li class=\"wp-block-post post-1470 post type-post status-publish format-standard hentry category-delly-benson tag-by-haitian-artists tag-tike\">\n\n<div class=\"wp-block-group is-layout-flow wp-block-group-is-layout-flow\" style=\"border-bottom-color:var(--wp--preset--color--contrast);border-bottom-width:1px\">\n<div class=\"wp-block-group is-content-justification-space-between is-nowrap is-layout-flex wp-container-core-group-is-layout-dd9de04e wp-block-group-is-layout-flex\" style=\"padding-top:16px;padding-right:16px;padding-bottom:16px;padding-left:16px\">\n<div class=\"wp-block-group is-nowrap is-layout-flex wp-container-core-group-is-layout-89a94f6a wp-block-group-is-layout-flex\">\n<p>\u2734\ufe0e<\/p>\n\n\n<div style=\"text-transform:uppercase; margin-top:0;margin-right:0;margin-bottom:0;margin-left:0;\" class=\"has-text-align-left has-link-color wp-elements-4003f76eccbf507a9e3d7e84a42ea154 wp-block-post-date has-text-color has-contrast-color has-small-font-size\"><time datetime=\"2024-11-08T10:00:00-05:00\">Nov 8, 2024<\/time><\/div><\/div>\n\n\n<div style=\"text-transform:uppercase\" class=\"taxonomy-category has-link-color wp-elements-9ba9a85414d725ca1a93c790cd87f6e7 wp-block-post-terms has-text-color has-contrast-color\"><span class=\"wp-block-post-terms__prefix\">\u2734\ufe0e <\/span><a href=\"https:\/\/creoleworship.com\/en\/category\/song-lyrics\/delly-benson\/\" rel=\"tag\">Delly Benson<\/a><\/div><\/div>\n<\/div>\n\n\n\n<div class=\"wp-block-group is-content-justification-space-between is-nowrap is-layout-flex wp-container-core-group-is-layout-e7d6a81d wp-block-group-is-layout-flex\" style=\"padding-top:16px;padding-right:16px;padding-bottom:var(--wp--preset--spacing--70);padding-left:16px\"><h2 style=\"font-size:clamp(1.352rem, 1.352rem + ((1vw - 0.2rem) * 1.06), 2.2rem);font-style:normal;font-weight:500;line-height:1.1;text-transform:uppercase; margin-top:0;margin-right:0;margin-bottom:0;margin-left:0;\" class=\"has-link-color wp-elements-ef09f48ce2b5e92db0ab2c8fdc7ff6e0 wp-block-post-title has-text-color has-contrast-color\"><a href=\"https:\/\/creoleworship.com\/en\/ou-menm-sel-mwen-adore\/song-lyrics\/delly-benson\/\" target=\"_self\" >Ou Menm S\u00e8l Mwen Adore<\/a><\/h2><\/div>\n\n\n<div class=\"wp-block-post-excerpt\"><p class=\"wp-block-post-excerpt__excerpt\">Ou menm s\u00e8l mwen adore, Ou menm s\u00e8l mwen louwe, Gran Jewova Chef lavi a, Tout on\u00e8 lwanj pou Ou, On\u00e8 pou anyo a, Chapo ba pou Jezi, Ou menm s\u00e8l ki sen&#8230; <\/p><\/div>\n<\/li><li class=\"wp-block-post post-58 post type-post status-publish format-standard hentry category-fr-luckner-corridon tag-by-haitian-artists tag-tike\">\n\n<div class=\"wp-block-group is-layout-flow wp-block-group-is-layout-flow\" style=\"border-bottom-color:var(--wp--preset--color--contrast);border-bottom-width:1px\">\n<div class=\"wp-block-group is-content-justification-space-between is-nowrap is-layout-flex wp-container-core-group-is-layout-dd9de04e wp-block-group-is-layout-flex\" style=\"padding-top:16px;padding-right:16px;padding-bottom:16px;padding-left:16px\">\n<div class=\"wp-block-group is-nowrap is-layout-flex wp-container-core-group-is-layout-89a94f6a wp-block-group-is-layout-flex\">\n<p>\u2734\ufe0e<\/p>\n\n\n<div style=\"text-transform:uppercase; margin-top:0;margin-right:0;margin-bottom:0;margin-left:0;\" class=\"has-text-align-left has-link-color wp-elements-4003f76eccbf507a9e3d7e84a42ea154 wp-block-post-date has-text-color has-contrast-color has-small-font-size\"><time datetime=\"2024-10-19T08:00:00-04:00\">Oct 19, 2024<\/time><\/div><\/div>\n\n\n<div style=\"text-transform:uppercase\" class=\"taxonomy-category has-link-color wp-elements-9ba9a85414d725ca1a93c790cd87f6e7 wp-block-post-terms has-text-color has-contrast-color\"><span class=\"wp-block-post-terms__prefix\">\u2734\ufe0e <\/span><a href=\"https:\/\/creoleworship.com\/en\/category\/song-lyrics\/fr-luckner-corridon\/\" rel=\"tag\">Fr Luckner Corridon<\/a><\/div><\/div>\n<\/div>\n\n\n\n<div class=\"wp-block-group is-content-justification-space-between is-nowrap is-layout-flex wp-container-core-group-is-layout-e7d6a81d wp-block-group-is-layout-flex\" style=\"padding-top:16px;padding-right:16px;padding-bottom:var(--wp--preset--spacing--70);padding-left:16px\"><h2 style=\"font-size:clamp(1.352rem, 1.352rem + ((1vw - 0.2rem) * 1.06), 2.2rem);font-style:normal;font-weight:500;line-height:1.1;text-transform:uppercase; margin-top:0;margin-right:0;margin-bottom:0;margin-left:0;\" class=\"has-link-color wp-elements-ef09f48ce2b5e92db0ab2c8fdc7ff6e0 wp-block-post-title has-text-color has-contrast-color\"><a href=\"https:\/\/creoleworship.com\/en\/tout-glwa-se-pou-ou-segne\/song-lyrics\/fr-luckner-corridon\/\" target=\"_self\" >Tout Glwa Se Pou Ou Segne<\/a><\/h2><\/div>\n\n\n<div class=\"wp-block-post-excerpt\"><p class=\"wp-block-post-excerpt__excerpt\">Lon\u00e8 lwanj, Tout se pou Seny\u00e8, Alelouya, Nanm mwen beni non ou, Si-m pata chante, Konnen mwen ta pli malere, Chante wi chante, Se sa k\u00e8-m dezire&#8230; <\/p><\/div>\n<\/li><li class=\"wp-block-post post-1410 post type-post status-publish format-standard hentry category-james-smith-alcindo tag-by-haitian-artists tag-tike\">\n\n<div class=\"wp-block-group is-layout-flow wp-block-group-is-layout-flow\" style=\"border-bottom-color:var(--wp--preset--color--contrast);border-bottom-width:1px\">\n<div class=\"wp-block-group is-content-justification-space-between is-nowrap is-layout-flex wp-container-core-group-is-layout-dd9de04e wp-block-group-is-layout-flex\" style=\"padding-top:16px;padding-right:16px;padding-bottom:16px;padding-left:16px\">\n<div class=\"wp-block-group is-nowrap is-layout-flex wp-container-core-group-is-layout-89a94f6a wp-block-group-is-layout-flex\">\n<p>\u2734\ufe0e<\/p>\n\n\n<div style=\"text-transform:uppercase; margin-top:0;margin-right:0;margin-bottom:0;margin-left:0;\" class=\"has-text-align-left has-link-color wp-elements-4003f76eccbf507a9e3d7e84a42ea154 wp-block-post-date has-text-color has-contrast-color has-small-font-size\"><time datetime=\"2024-10-16T17:13:56-04:00\">Oct 16, 2024<\/time><\/div><\/div>\n\n\n<div style=\"text-transform:uppercase\" class=\"taxonomy-category has-link-color wp-elements-9ba9a85414d725ca1a93c790cd87f6e7 wp-block-post-terms has-text-color has-contrast-color\"><span class=\"wp-block-post-terms__prefix\">\u2734\ufe0e <\/span><a href=\"https:\/\/creoleworship.com\/en\/category\/song-lyrics\/james-smith-alcindo\/\" rel=\"tag\">James Smith Alcindo<\/a><\/div><\/div>\n<\/div>\n\n\n\n<div class=\"wp-block-group is-content-justification-space-between is-nowrap is-layout-flex wp-container-core-group-is-layout-e7d6a81d wp-block-group-is-layout-flex\" style=\"padding-top:16px;padding-right:16px;padding-bottom:var(--wp--preset--spacing--70);padding-left:16px\"><h2 style=\"font-size:clamp(1.352rem, 1.352rem + ((1vw - 0.2rem) * 1.06), 2.2rem);font-style:normal;font-weight:500;line-height:1.1;text-transform:uppercase; margin-top:0;margin-right:0;margin-bottom:0;margin-left:0;\" class=\"has-link-color wp-elements-ef09f48ce2b5e92db0ab2c8fdc7ff6e0 wp-block-post-title has-text-color has-contrast-color\"><a href=\"https:\/\/creoleworship.com\/en\/avek-ou\/song-lyrics\/james-smith-alcindo\/\" target=\"_self\" >Av\u00e8k Ou<\/a><\/h2><\/div>\n\n\n<div class=\"wp-block-post-excerpt\"><p class=\"wp-block-post-excerpt__excerpt\">Av\u00e8k Ou mwen santi-m byen L\u00e8-w touche-m Nanm mwen tresayi, Mwen vle viv yon l\u00f2t moman damou, Av\u00e8k Ou Jezi mwen, Mwen vle viv yon l\u00f2t moman damou&#8230; <\/p><\/div>\n<\/li><li class=\"wp-block-post post-982 post type-post status-publish format-standard hentry category-artist-loading tag-tike\">\n\n<div class=\"wp-block-group is-layout-flow wp-block-group-is-layout-flow\" style=\"border-bottom-color:var(--wp--preset--color--contrast);border-bottom-width:1px\">\n<div class=\"wp-block-group is-content-justification-space-between is-nowrap is-layout-flex wp-container-core-group-is-layout-dd9de04e wp-block-group-is-layout-flex\" style=\"padding-top:16px;padding-right:16px;padding-bottom:16px;padding-left:16px\">\n<div class=\"wp-block-group is-nowrap is-layout-flex wp-container-core-group-is-layout-89a94f6a wp-block-group-is-layout-flex\">\n<p>\u2734\ufe0e<\/p>\n\n\n<div style=\"text-transform:uppercase; margin-top:0;margin-right:0;margin-bottom:0;margin-left:0;\" class=\"has-text-align-left has-link-color wp-elements-4003f76eccbf507a9e3d7e84a42ea154 wp-block-post-date has-text-color has-contrast-color has-small-font-size\"><time datetime=\"2024-08-22T16:30:00-04:00\">Aug 22, 2024<\/time><\/div><\/div>\n\n\n<div style=\"text-transform:uppercase\" class=\"taxonomy-category has-link-color wp-elements-9ba9a85414d725ca1a93c790cd87f6e7 wp-block-post-terms has-text-color has-contrast-color\"><span class=\"wp-block-post-terms__prefix\">\u2734\ufe0e <\/span><a href=\"https:\/\/creoleworship.com\/en\/category\/song-lyrics\/artist-loading\/\" rel=\"tag\">Artist Loading&#8230;<\/a><\/div><\/div>\n<\/div>\n\n\n\n<div class=\"wp-block-group is-content-justification-space-between is-nowrap is-layout-flex wp-container-core-group-is-layout-e7d6a81d wp-block-group-is-layout-flex\" style=\"padding-top:16px;padding-right:16px;padding-bottom:var(--wp--preset--spacing--70);padding-left:16px\"><h2 style=\"font-size:clamp(1.352rem, 1.352rem + ((1vw - 0.2rem) * 1.06), 2.2rem);font-style:normal;font-weight:500;line-height:1.1;text-transform:uppercase; margin-top:0;margin-right:0;margin-bottom:0;margin-left:0;\" class=\"has-link-color wp-elements-ef09f48ce2b5e92db0ab2c8fdc7ff6e0 wp-block-post-title has-text-color has-contrast-color\"><a href=\"https:\/\/creoleworship.com\/en\/m-ap-monte-mon-nan-kanmmen-avek-jezi-m-ap-rive\/song-lyrics\/artist-loading\/\" target=\"_self\" >M-ap Monte M\u00f2n Nan Kanmmen Avek Jezi M-ap Rive<\/a><\/h2><\/div>\n\n\n<div class=\"wp-block-post-excerpt\"><p class=\"wp-block-post-excerpt__excerpt\">M ap monte m\u00f2n nan kanmenm, San gade d\u00e8y\u00e8, Avek Jezi m-ap rive&#8230; <\/p><\/div>\n<\/li><\/ul><\/div>\n\n\n\n<div class=\"wp-block-group is-layout-flow wp-block-group-is-layout-flow\" style=\"margin-top:0;margin-bottom:0;padding-top:var(--wp--preset--spacing--30);padding-right:16px;padding-bottom:var(--wp--preset--spacing--30);padding-left:16px\"><nav style=\"font-size:12px;\" class=\"has-link-color wp-elements-96c9273bd835c0791a50c0fa92f73493 wp-block-query-pagination is-content-justification-space-between is-nowrap is-layout-flex wp-container-core-query-pagination-is-layout-cb46ffcb wp-block-query-pagination-is-layout-flex\" aria-label=\"Pagination\">\n\n\n<a href=\"\/en\/wp-json\/wp\/v2\/pages\/220?query-31-page=2\" style=\"font-size:clamp(14px, 0.875rem + ((1vw - 3.2px) * 0.313), 18px);text-transform:uppercase;\" class=\"wp-block-query-pagination-next\">Next<span class='wp-block-query-pagination-next-arrow is-arrow-arrow' aria-hidden='true'>\u2192<\/span><\/a>\n<\/nav><\/div>\n<\/div>\n","protected":false},"excerpt":{"rendered":"<p>Chan adorasyon Ayisyen | Haitian songs of worship<\/p>\n","protected":false},"author":1,"featured_media":0,"parent":0,"menu_order":0,"comment_status":"closed","ping_status":"closed","template":"","meta":{"_eb_attr":"","_gspb_post_css":"","_uag_custom_page_level_css":"","_monsterinsights_skip_tracking":false,"_monsterinsights_sitenote_active":false,"_monsterinsights_sitenote_note":"","_monsterinsights_sitenote_category":0,"_themeisle_gutenberg_block_has_review":false,"footnotes":""},"class_list":["post-220","page","type-page","status-publish","hentry"],"blocksy_meta":[],"aioseo_notices":[],"uagb_featured_image_src":{"full":false,"thumbnail":false,"medium":false,"medium_large":false,"large":false,"1536x1536":false,"2048x2048":false,"trp-custom-language-flag":false,"ultp_layout_landscape_large":false,"ultp_layout_landscape":false,"ultp_layout_portrait":false,"ultp_layout_square":false},"uagb_author_info":{"display_name":"Creole Worship","author_link":"https:\/\/creoleworship.com\/en\/author\/creoleworship_r4vw3j\/"},"uagb_comment_info":0,"uagb_excerpt":"Chan adorasyon Ayisyen | Haitian songs of worship","jetpack_sharing_enabled":true,"_links":{"self":[{"href":"https:\/\/creoleworship.com\/en\/wp-json\/wp\/v2\/pages\/220","targetHints":{"allow":["GET"]}}],"collection":[{"href":"https:\/\/creoleworship.com\/en\/wp-json\/wp\/v2\/pages"}],"about":[{"href":"https:\/\/creoleworship.com\/en\/wp-json\/wp\/v2\/types\/page"}],"author":[{"embeddable":true,"href":"https:\/\/creoleworship.com\/en\/wp-json\/wp\/v2\/users\/1"}],"replies":[{"embeddable":true,"href":"https:\/\/creoleworship.com\/en\/wp-json\/wp\/v2\/comments?post=220"}],"version-history":[{"count":9,"href":"https:\/\/creoleworship.com\/en\/wp-json\/wp\/v2\/pages\/220\/revisions"}],"predecessor-version":[{"id":466,"href":"https:\/\/creoleworship.com\/en\/wp-json\/wp\/v2\/pages\/220\/revisions\/466"}],"wp:attachment":[{"href":"https:\/\/creoleworship.com\/en\/wp-json\/wp\/v2\/media?parent=220"}],"curies":[{"name":"wp","href":"https:\/\/api.w.org\/{rel}","templated":true}]}}